{"id":1454,"date":"2019-06-18T08:52:26","date_gmt":"2019-06-18T08:52:26","guid":{"rendered":"http:\/\/demo.cmssuperheroes.com\/themeforest\/wp-tekhfixers\/?page_id=1454"},"modified":"2023-02-04T10:17:49","modified_gmt":"2023-02-04T09:17:49","slug":"select-your-device-type","status":"publish","type":"page","link":"https:\/\/mousstech.be\/index.php\/select-your-device-type\/","title":{"rendered":"S\u00e9lectionner votre type d&#8217;appareil"},"content":{"rendered":"<p>[vc_row][vc_column offset=&#8221;vc_col-lg-offset-2 vc_col-lg-8 vc_col-md-offset-2 vc_col-md-8&#8243;][fr_heading text=&#8221;Services de r\u00e9paration&#8221; font_size=&#8221;54px&#8221; font_size_md=&#8221;54px&#8221; font_size_sm=&#8221;40px&#8221; font_size_xs=&#8221;40px&#8221; font_weight=&#8221;400&#8243; letter_spacing=&#8221;-.016em&#8221; text_color=&#8221;#083260&#8243; margin_bottom=&#8221;20px&#8221;][vc_column_text]Nous sommes sp\u00e9cialis\u00e9s dans les r\u00e9parations rapides et efficaces de toutes les marques et mod\u00e8les de t\u00e9l\u00e9phones portables et de tablettes. Que vous ayez un \u00e9cran bris\u00e9, une batterie d\u00e9fectueuse ou tout autre probl\u00e8me, nous sommes l\u00e0 pour vous aider. Nos techniciens qualifi\u00e9s et exp\u00e9riment\u00e9s utilisent les derni\u00e8res techniques et outils pour garantir des r\u00e9parations de qualit\u00e9 sup\u00e9rieure. Contactez-nous d\u00e8s aujourd&#8217;hui pour plus d&#8217;informations sur nos services et pour obtenir un devis gratuit ![\/vc_column_text][vc_row_inner css=&#8221;.vc_custom_1560852708555{padding-top: 30px !important;}&#8221;][vc_column_inner][fr_device_type col_xs=&#8221;1&#8243; col_sm=&#8221;2&#8243; col_md=&#8221;2&#8243; col_lg=&#8221;2&#8243; items=&#8221;%5B%7B%22image%22%3A%221460%22%2C%22heading%22%3A%22R%C3%A9paration%20de%20smartphones%22%2C%22text%22%3A%22Le%20service%20de%20r%C3%A9paration%20de%20smartphones%20pour%20iPhone%2C%20Samsung%2C%20Oppo%2C%20Xiaomi%2C%20Oneplus%20%26%20Sony.%22%2C%22btn_text%22%3A%22S%C3%A9lectionnez%20votre%20appareil%22%7D%2C%7B%22image%22%3A%221461%22%2C%22heading%22%3A%22R%C3%A9paration%20de%20tablette%20%26%20iPad%20%22%2C%22text%22%3A%22R%C3%A9parations%20pour%20toutes%20les%20grandes%20marques%20de%20tablettes%20et%20d&#8217;appareils%20portables.%22%2C%22btn_text%22%3A%22S%C3%A9lectionnez%20votre%20appareil%22%7D%5D&#8221;][\/vc_column_inner][\/vc_row_inner][vc_row_inner][vc_column_inner width=&#8221;1\/2&#8243; css=&#8221;.vc_custom_1541521972917{margin-bottom: 55px !important;}&#8221;][fr_heading text=&#8221;Seulement des pi\u00e8ces de hautes qualit\u00e9s&#8221; font_size=&#8221;22px&#8221; font_size_md=&#8221;22px&#8221; font_size_sm=&#8221;22px&#8221; font_size_xs=&#8221;22px&#8221; font_weight=&#8221;400&#8243; letter_spacing=&#8221;-.016em&#8221; custom_local_fonts=&#8221;true&#8221; local_fonts=&#8221;AktivGrotesk-Bold&#8221; des_font_weight=&#8221;500&#8243; description_line_height=&#8221;1.8&#8243; description_color=&#8221;#032549&#8243; description=&#8221;Nous n&#8217;utilisons que des pi\u00e8ces de haute qualit\u00e9 pour toutes les r\u00e9parations de t\u00e9l\u00e9phones portables et de tablettes. Nous savons \u00e0 quel point il est important pour nos clients de pouvoir compter sur leur appareil, c&#8217;est pourquoi nous utilisons des pi\u00e8ces fiables et durables pour garantir des r\u00e9parations durables.<\/p>\n<p>Nous travaillons uniquement avec des fournisseurs fiables pour nous assurer que nous disposons des meilleures pi\u00e8ces disponibles sur le march\u00e9. Chaque pi\u00e8ce est soigneusement s\u00e9lectionn\u00e9e et test\u00e9e avant d&#8217;\u00eatre utilis\u00e9e pour une r\u00e9paration.<\/p>\n<p>Nous comprenons que les r\u00e9parations peuvent \u00eatre co\u00fbteuses, c&#8217;est pourquoi nous nous effor\u00e7ons de vous offrir les meilleures solutions \u00e0 des prix comp\u00e9titifs. Nous savons \u00e9galement que les r\u00e9parations rapides ne doivent pas se faire au d\u00e9triment de la qualit\u00e9, c&#8217;est pourquoi nous utilisons toujours des pi\u00e8ces de haute qualit\u00e9 pour garantir des r\u00e9parations durables et efficaces.&#8221; margin_bottom=&#8221;25px&#8221;][\/vc_column_inner][vc_column_inner width=&#8221;1\/2&#8243; css=&#8221;.vc_custom_1541522086706{margin-bottom: 55px !important;}&#8221;][fr_heading text=&#8221;Garantie tranquillit\u00e9 d&#8217;esprit de 3 mois&#8221; font_size=&#8221;22px&#8221; font_size_md=&#8221;22px&#8221; font_size_sm=&#8221;22px&#8221; font_size_xs=&#8221;22px&#8221; font_weight=&#8221;400&#8243; letter_spacing=&#8221;-.016em&#8221; custom_local_fonts=&#8221;true&#8221; local_fonts=&#8221;AktivGrotesk-Bold&#8221; des_font_weight=&#8221;500&#8243; description_line_height=&#8221;1.8&#8243; description_color=&#8221;#032549&#8243; description=&#8221;Nous sommes fiers de proposer une garantie Tranquillit\u00e9 d&#8217;Esprit de 3 mois sur toutes les r\u00e9parations effectu\u00e9es sur notre site. Cela signifie que si vous rencontrez un probl\u00e8me avec votre t\u00e9l\u00e9phone ou votre tablette dans les 3 mois suivant la r\u00e9paration, nous nous occupons de le r\u00e9soudre pour vous, sans aucun frais suppl\u00e9mentaire.<\/p>\n<p>Notre objectif est de vous offrir une exp\u00e9rience de r\u00e9paration sans tracas et de vous garantir que votre appareil sera fonctionnel \u00e0 100% apr\u00e8s chaque r\u00e9paration. Nous utilisons des pi\u00e8ces de haute qualit\u00e9 pour toutes les r\u00e9parations, ce qui signifie que vous pouvez \u00eatre s\u00fbr que votre appareil sera r\u00e9par\u00e9 pour durer.<\/p>\n<p>Si vous rencontrez un probl\u00e8me avec votre r\u00e9paration, il suffit de nous contacter et nous nous occupons du reste. Avec notre garantie Tranquillit\u00e9 d&#8217;Esprit de 3 mois, vous pouvez \u00eatre s\u00fbr que votre r\u00e9paration sera effectu\u00e9e correctement la premi\u00e8re fois, et que vous pourrez utiliser votre appareil sans soucis pendant des mois \u00e0 venir.&#8221; margin_bottom=&#8221;25px&#8221;][\/vc_column_inner][\/vc_row_inner][\/vc_column][\/vc_row]<\/p>\n","protected":false},"excerpt":{"rendered":"<p>[vc_row][vc_column offset=&#8221;vc_col-lg-offset-2 vc_col-lg-8 vc_col-md-offset-2 vc_col-md-8&#8243;][fr_heading text=&#8221;Services de r\u00e9paration&#8221; font_size=&#8221;54px&#8221; font_size_md=&#8221;54px&#8221; font_size_sm=&#8221;40px&#8221; font_size_xs=&#8221;40px&#8221; font_weight=&#8221;400&#8243; letter_spacing=&#8221;-.016em&#8221; text_color=&#8221;#083260&#8243; margin_bottom=&#8221;20px&#8221;][vc_column_text]Nous sommes sp\u00e9cialis\u00e9s dans les r\u00e9parations rapides et efficaces de toutes les marques et mod\u00e8les de t\u00e9l\u00e9phones portables et de tablettes. Que vous ayez un \u00e9cran bris\u00e9, une batterie d\u00e9fectueuse ou tout autre probl\u00e8me, nous sommes l\u00e0 pour vous aider. [&hellip;]<\/p>\n","protected":false},"author":1,"featured_media":0,"parent":0,"menu_order":0,"comment_status":"closed","ping_status":"closed","template":"","meta":{"footnotes":""},"class_list":["post-1454","page","type-page","status-publish","hentry"],"_links":{"self":[{"href":"https:\/\/mousstech.be\/index.php\/wp-json\/wp\/v2\/pages\/1454","targetHints":{"allow":["GET"]}}],"collection":[{"href":"https:\/\/mousstech.be\/index.php\/wp-json\/wp\/v2\/pages"}],"about":[{"href":"https:\/\/mousstech.be\/index.php\/wp-json\/wp\/v2\/types\/page"}],"author":[{"embeddable":true,"href":"https:\/\/mousstech.be\/index.php\/wp-json\/wp\/v2\/users\/1"}],"replies":[{"embeddable":true,"href":"https:\/\/mousstech.be\/index.php\/wp-json\/wp\/v2\/comments?post=1454"}],"version-history":[{"count":9,"href":"https:\/\/mousstech.be\/index.php\/wp-json\/wp\/v2\/pages\/1454\/revisions"}],"predecessor-version":[{"id":1732,"href":"https:\/\/mousstech.be\/index.php\/wp-json\/wp\/v2\/pages\/1454\/revisions\/1732"}],"wp:attachment":[{"href":"https:\/\/mousstech.be\/index.php\/wp-json\/wp\/v2\/media?parent=1454"}],"curies":[{"name":"wp","href":"https:\/\/api.w.org\/{rel}","templated":true}]}}