{"id":690,"date":"2018-11-20T08:18:52","date_gmt":"2018-11-20T08:18:52","guid":{"rendered":"http:\/\/demo.cmssuperheroes.com\/themeforest\/wp-tekhfixers\/?page_id=690"},"modified":"2023-02-04T11:40:07","modified_gmt":"2023-02-04T10:40:07","slug":"about-us","status":"publish","type":"page","link":"https:\/\/mousstech.be\/index.php\/about-us\/","title":{"rendered":"About Us"},"content":{"rendered":"<p>[vc_row full_width=&#8221;stretch_row&#8221; cms_row_image=&#8221;gray-scale&#8221; css=&#8221;.vc_custom_1548410731346{border-bottom-width: 1px !important;padding-top: 25px !important;padding-bottom: 17px !important;background-color: #f6f6f6 !important;border-bottom-color: #e3e6ea !important;border-bottom-style: solid !important;}&#8221;][vc_column width=&#8221;1\/4&#8243; css=&#8221;.vc_custom_1542788902174{margin-bottom: 30px !important;}&#8221;][vc_single_image image=&#8221;1092&#8243; img_size=&#8221;full&#8221; alignment=&#8221;center&#8221;][\/vc_column][vc_column width=&#8221;1\/4&#8243; css=&#8221;.vc_custom_1542788918496{margin-bottom: 30px !important;}&#8221;][vc_single_image image=&#8221;1091&#8243; img_size=&#8221;full&#8221; alignment=&#8221;center&#8221;][\/vc_column][vc_column width=&#8221;1\/4&#8243; css=&#8221;.vc_custom_1542788928599{margin-bottom: 30px !important;}&#8221;][vc_single_image image=&#8221;1094&#8243; img_size=&#8221;full&#8221; alignment=&#8221;center&#8221;][\/vc_column][vc_column width=&#8221;1\/4&#8243;][vc_single_image image=&#8221;1093&#8243; img_size=&#8221;full&#8221; alignment=&#8221;center&#8221;][\/vc_column][\/vc_row][vc_row][vc_column width=&#8221;1\/2&#8243; css=&#8221;.vc_custom_1548240256561{padding-top: 85px !important;}&#8221;][fr_heading cms_template=&#8221;fr_heading&#8211;layout1.php&#8221; title=&#8221;Le meilleur des<br \/>\nR\u00e9parations d&#8217;appareils \u00e9lectroniques&#8221; sub_title=&#8221;Techniciens professionnels en r\u00e9paration d&#8217;appareils mobiles&#8221;][vc_row_inner cms_row_inner_class=&#8221;color-87&#8243; css=&#8221;.vc_custom_1547524006290{margin-top: 30px !important;}&#8221;][vc_column_inner][vc_column_text]Nous savons que votre appareil est important pour vous, c&#8217;est pourquoi nous nous effor\u00e7ons de r\u00e9parer votre appareil dans les plus bref d\u00e9lais.[\/vc_column_text][\/vc_column_inner][\/vc_row_inner][vc_row_inner cms_row_inner_class=&#8221;color-87&#8243; css=&#8221;.vc_custom_1547524014771{margin-top: -5px !important;}&#8221;][vc_column_inner][vc_column_text]Lorsque vous nous d\u00e9posez votre appareil, un technicien qualifi\u00e9 diagnostiquera le(s) probl\u00e8me(s) qu&#8217;il a et commencera imm\u00e9diatement \u00e0 r\u00e9parer\/remplacer ce qui doit l&#8217;\u00eatre. Une fois r\u00e9par\u00e9, nous vous contactons pour vous remettre\u00a0 votre appareil avec une explication sur la nature de la r\u00e9paration.[\/vc_column_text][\/vc_column_inner][\/vc_row_inner][\/vc_column][vc_column width=&#8221;1\/2&#8243; css=&#8221;.vc_custom_1548410880587{padding-top: 1px !important;}&#8221; el_class=&#8221;absolute-image-left&#8221;][vc_single_image image=&#8221;1238&#8243; img_size=&#8221;full&#8221; alignment=&#8221;center&#8221;][\/vc_column][\/vc_row]<\/p>\n","protected":false},"excerpt":{"rendered":"<p>[vc_row full_width=&#8221;stretch_row&#8221; cms_row_image=&#8221;gray-scale&#8221; css=&#8221;.vc_custom_1548410731346{border-bottom-width: 1px !important;padding-top: 25px !important;padding-bottom: 17px !important;background-color: #f6f6f6 !important;border-bottom-color: #e3e6ea !important;border-bottom-style: solid !important;}&#8221;][vc_column width=&#8221;1\/4&#8243; css=&#8221;.vc_custom_1542788902174{margin-bottom: 30px !important;}&#8221;][vc_single_image image=&#8221;1092&#8243; img_size=&#8221;full&#8221; alignment=&#8221;center&#8221;][\/vc_column][vc_column width=&#8221;1\/4&#8243; css=&#8221;.vc_custom_1542788918496{margin-bottom: 30px !important;}&#8221;][vc_single_image image=&#8221;1091&#8243; img_size=&#8221;full&#8221; alignment=&#8221;center&#8221;][\/vc_column][vc_column width=&#8221;1\/4&#8243; css=&#8221;.vc_custom_1542788928599{margin-bottom: 30px !important;}&#8221;][vc_single_image image=&#8221;1094&#8243; img_size=&#8221;full&#8221; alignment=&#8221;center&#8221;][\/vc_column][vc_column width=&#8221;1\/4&#8243;][vc_single_image image=&#8221;1093&#8243; img_size=&#8221;full&#8221; alignment=&#8221;center&#8221;][\/vc_column][\/vc_row][vc_row][vc_column width=&#8221;1\/2&#8243; css=&#8221;.vc_custom_1548240256561{padding-top: 85px !important;}&#8221;][fr_heading cms_template=&#8221;fr_heading&#8211;layout1.php&#8221; title=&#8221;Le meilleur des R\u00e9parations d&#8217;appareils \u00e9lectroniques&#8221; sub_title=&#8221;Techniciens professionnels en [&hellip;]<\/p>\n","protected":false},"author":1,"featured_media":0,"parent":0,"menu_order":0,"comment_status":"closed","ping_status":"closed","template":"","meta":{"footnotes":""},"class_list":["post-690","page","type-page","status-publish","hentry"],"_links":{"self":[{"href":"https:\/\/mousstech.be\/index.php\/wp-json\/wp\/v2\/pages\/690","targetHints":{"allow":["GET"]}}],"collection":[{"href":"https:\/\/mousstech.be\/index.php\/wp-json\/wp\/v2\/pages"}],"about":[{"href":"https:\/\/mousstech.be\/index.php\/wp-json\/wp\/v2\/types\/page"}],"author":[{"embeddable":true,"href":"https:\/\/mousstech.be\/index.php\/wp-json\/wp\/v2\/users\/1"}],"replies":[{"embeddable":true,"href":"https:\/\/mousstech.be\/index.php\/wp-json\/wp\/v2\/comments?post=690"}],"version-history":[{"count":4,"href":"https:\/\/mousstech.be\/index.php\/wp-json\/wp\/v2\/pages\/690\/revisions"}],"predecessor-version":[{"id":1758,"href":"https:\/\/mousstech.be\/index.php\/wp-json\/wp\/v2\/pages\/690\/revisions\/1758"}],"wp:attachment":[{"href":"https:\/\/mousstech.be\/index.php\/wp-json\/wp\/v2\/media?parent=690"}],"curies":[{"name":"wp","href":"https:\/\/api.w.org\/{rel}","templated":true}]}}